{"id":170,"date":"2023-11-25T09:56:59","date_gmt":"2023-11-25T09:56:59","guid":{"rendered":"https:\/\/www.sfb.world\/services\/"},"modified":"2024-02-01T20:16:36","modified_gmt":"2024-02-01T19:16:36","slug":"laender","status":"publish","type":"page","link":"https:\/\/www.sfb.world\/de\/laender\/","title":{"rendered":"L\u00e4nder"},"content":{"rendered":"\t\t<div data-elementor-type=\"wp-page\" data-elementor-id=\"170\" class=\"elementor elementor-170\" data-elementor-post-type=\"page\">\n\t\t\t\t<div class=\"elementor-element elementor-element-4d1b5074 e-con-full e-flex e-con e-parent\" data-id=\"4d1b5074\" data-element_type=\"container\" data-e-type=\"container\">\n\t\t\t\t<div class=\"elementor-element elementor-element-183a20b6 elementor-widget elementor-widget-text-editor\" data-id=\"183a20b6\" data-element_type=\"widget\" data-e-type=\"widget\" data-widget_type=\"text-editor.default\">\n\t\t\t\t<div class=\"elementor-widget-container\">\n\t\t\t\t\t\t\t\t\t<p>Die SFB ist eine Gemeinschaft, die sich aktiv f\u00fcr Weiterentwicklung engagiert und die erfolgreichsten Unternehmen der Beauty-Branche hervorbringt. Wir sind in vielen L\u00e4ndern vertreten.\u00a0<\/p>\t\t\t\t\t\t\t\t<\/div>\n\t\t\t\t<\/div>\n\t\t\t\t<\/div>\n\t\t<div class=\"elementor-element elementor-element-390ead53 e-con-full e-flex e-con e-parent\" data-id=\"390ead53\" data-element_type=\"container\" data-e-type=\"container\" id=\"s1\" data-settings=\"{&quot;background_background&quot;:&quot;classic&quot;}\">\n\t\t\t\t<div class=\"elementor-element elementor-element-a2ff77e elementor-widget elementor-widget-hotspot\" data-id=\"a2ff77e\" data-element_type=\"widget\" data-e-type=\"widget\" data-settings=\"{&quot;hotspot&quot;:[{&quot;_id&quot;:&quot;6c9ce32&quot;,&quot;hotspot_label&quot;:&quot;Deutschland&quot;,&quot;hotspot_link&quot;:{&quot;url&quot;:&quot;https:\\\/\\\/www.sfb.world\\\/laender\\\/deutschland\\\/&quot;,&quot;is_external&quot;:&quot;&quot;,&quot;nofollow&quot;:&quot;&quot;,&quot;custom_attributes&quot;:&quot;&quot;},&quot;hotspot_offset_x&quot;:{&quot;unit&quot;:&quot;%&quot;,&quot;size&quot;:58,&quot;sizes&quot;:[]},&quot;hotspot_offset_y&quot;:{&quot;unit&quot;:&quot;%&quot;,&quot;size&quot;:41,&quot;sizes&quot;:[]},&quot;hotspot_tooltip_position&quot;:&quot;&quot;,&quot;hotspot_icon&quot;:{&quot;value&quot;:&quot;&quot;,&quot;library&quot;:&quot;&quot;},&quot;hotspot_custom_size&quot;:&quot;no&quot;,&quot;hotspot_tooltip_content&quot;:&quot;F\\u00fcge hier deinen Tooltip-Text hinzu&quot;,&quot;hotspot_horizontal&quot;:&quot;left&quot;,&quot;hotspot_vertical&quot;:&quot;top&quot;,&quot;hotspot_position&quot;:null},{&quot;hotspot_label&quot;:&quot;\\u00d6sterreich&quot;,&quot;hotspot_offset_x&quot;:{&quot;unit&quot;:&quot;%&quot;,&quot;size&quot;:63,&quot;sizes&quot;:[]},&quot;hotspot_offset_y&quot;:{&quot;unit&quot;:&quot;%&quot;,&quot;size&quot;:55,&quot;sizes&quot;:[]},&quot;_id&quot;:&quot;34b32b9&quot;,&quot;hotspot_link&quot;:{&quot;url&quot;:&quot;https:\\\/\\\/www.sfb.world\\\/laender\\\/osterreich\\\/&quot;,&quot;is_external&quot;:&quot;&quot;,&quot;nofollow&quot;:&quot;&quot;,&quot;custom_attributes&quot;:&quot;&quot;},&quot;hotspot_icon&quot;:{&quot;value&quot;:&quot;&quot;,&quot;library&quot;:&quot;&quot;},&quot;hotspot_custom_size&quot;:&quot;no&quot;,&quot;hotspot_tooltip_content&quot;:&quot;F\\u00fcge hier deinen Tooltip-Text hinzu&quot;,&quot;hotspot_horizontal&quot;:&quot;left&quot;,&quot;hotspot_vertical&quot;:&quot;top&quot;,&quot;hotspot_tooltip_position&quot;:&quot;no&quot;,&quot;hotspot_position&quot;:null}],&quot;hotspot_sequenced_animation&quot;:&quot;no&quot;,&quot;tooltip_position&quot;:&quot;top&quot;,&quot;tooltip_trigger&quot;:&quot;click&quot;,&quot;tooltip_animation&quot;:&quot;e-hotspot--fade-in-out&quot;}\" data-widget_type=\"hotspot.default\">\n\t\t\t\t<div class=\"elementor-widget-container\">\n\t\t\t\t\t<img fetchpriority=\"high\" decoding=\"async\" width=\"730\" height=\"456\" src=\"https:\/\/www.sfb.world\/wp-content\/uploads\/2024\/01\/sfb-map-all.png\" class=\"attachment-large size-large wp-image-13000\" alt=\"\" srcset=\"https:\/\/www.sfb.world\/wp-content\/uploads\/2024\/01\/sfb-map-all.png 730w, https:\/\/www.sfb.world\/wp-content\/uploads\/2024\/01\/sfb-map-all-300x187.png 300w\" sizes=\"(max-width: 730px) 100vw, 730px\" \/>\n\t\t\t\t\t\t<a class=\"e-hotspot elementor-repeater-item-6c9ce32  e-hotspot--position-left e-hotspot--position-top e-hotspot--link e-hotspot--no-tooltip\" href=\"https:\/\/www.sfb.world\/laender\/deutschland\/\">\n\n\t\t\t\t\t\t\t\t<div class=\"e-hotspot__button e-hotspot--expand\">\n\t\t\t\t\t\t\t\t\t\t\t\t\t\t\t\t\t\t\t\t\t\t\t\t<div class=\"e-hotspot__label\">Deutschland<\/div>\n\t\t\t\t\t\t\t\t\t\t\t\t\t\t\t<\/div>\n\n\t\t\t\t\t\t\t\t\n\t\t\t<\/a>\n\n\t\n\t\t\t\t\t\t<a class=\"e-hotspot elementor-repeater-item-34b32b9  e-hotspot--position-left e-hotspot--position-top e-hotspot--link e-hotspot--no-tooltip\" href=\"https:\/\/www.sfb.world\/laender\/osterreich\/\">\n\n\t\t\t\t\t\t\t\t<div class=\"e-hotspot__button e-hotspot--expand\">\n\t\t\t\t\t\t\t\t\t\t\t\t\t\t\t\t\t\t\t\t\t\t\t\t<div class=\"e-hotspot__label\">\u00d6sterreich<\/div>\n\t\t\t\t\t\t\t\t\t\t\t\t\t\t\t<\/div>\n\n\t\t\t\t\t\t\t\t\n\t\t\t<\/a>\n\n\t\n\t\t\t\t\t\t<\/div>\n\t\t\t\t<\/div>\n\t\t\t\t<\/div>\n\t\t<div class=\"elementor-element elementor-element-25dc247 e-con-full elementor-hidden-desktop elementor-hidden-tablet elementor-hidden-mobile e-flex e-con e-parent\" data-id=\"25dc247\" data-element_type=\"container\" data-e-type=\"container\">\n\t\t<div class=\"elementor-element elementor-element-77c9fa0 e-con-full e-flex e-con e-child\" data-id=\"77c9fa0\" data-element_type=\"container\" data-e-type=\"container\">\n\t\t\t\t<div class=\"elementor-element elementor-element-d312b50 elementor-widget elementor-widget-heading\" data-id=\"d312b50\" data-element_type=\"widget\" data-e-type=\"widget\" data-widget_type=\"heading.default\">\n\t\t\t\t<div class=\"elementor-widget-container\">\n\t\t\t\t\t<h2 class=\"elementor-heading-title elementor-size-default\">Deutschland<\/h2>\t\t\t\t<\/div>\n\t\t\t\t<\/div>\n\t\t<div class=\"elementor-element elementor-element-6730938 e-flex e-con-boxed e-con e-child\" data-id=\"6730938\" data-element_type=\"container\" data-e-type=\"container\">\n\t\t\t\t\t<div class=\"e-con-inner\">\n\t\t\t\t<div class=\"elementor-element elementor-element-339e410 elementor-widget elementor-widget-text-editor\" data-id=\"339e410\" data-element_type=\"widget\" data-e-type=\"widget\" data-widget_type=\"text-editor.default\">\n\t\t\t\t<div class=\"elementor-widget-container\">\n\t\t\t\t\t\t\t\t\t<p>Lorem ipsum dolor sit amet, consectetur adipiscing elit, sed do eiusmod tempor incididunt ut labore et dolore magna aliqua. Nibh praesent tristique magna sit amet purus. Odio ut sem nulla pharetra diam sit amet nisl. Facilisi cras fermentum odio eu feugiat. Aenean sed adipiscing diam<\/p>\t\t\t\t\t\t\t\t<\/div>\n\t\t\t\t<\/div>\n\t\t\t\t<div class=\"elementor-element elementor-element-e2ebf76 elementor-align-left elementor-widget elementor-widget-button\" data-id=\"e2ebf76\" data-element_type=\"widget\" data-e-type=\"widget\" data-widget_type=\"button.default\">\n\t\t\t\t<div class=\"elementor-widget-container\">\n\t\t\t\t\t\t\t\t\t<div class=\"elementor-button-wrapper\">\n\t\t\t\t\t<a class=\"elementor-button elementor-button-link elementor-size-sm\" href=\"https:\/\/www.sfb.world\/de\/contact-us\/\">\n\t\t\t\t\t\t<span class=\"elementor-button-content-wrapper\">\n\t\t\t\t\t\t\t\t\t<span class=\"elementor-button-text\">Erfahren Sie mehr<\/span>\n\t\t\t\t\t<\/span>\n\t\t\t\t\t<\/a>\n\t\t\t\t<\/div>\n\t\t\t\t\t\t\t\t<\/div>\n\t\t\t\t<\/div>\n\t\t\t\t\t<\/div>\n\t\t\t\t<\/div>\n\t\t\t\t<\/div>\n\t\t<div class=\"elementor-element elementor-element-fd652a5 e-con-full e-flex e-con e-child\" data-id=\"fd652a5\" data-element_type=\"container\" data-e-type=\"container\" data-settings=\"{&quot;background_background&quot;:&quot;classic&quot;}\">\n\t\t\t\t<\/div>\n\t\t\t\t<\/div>\n\t\t<div class=\"elementor-element elementor-element-6ef59812 e-con-full elementor-hidden-desktop elementor-hidden-tablet elementor-hidden-mobile e-flex e-con e-parent\" data-id=\"6ef59812\" data-element_type=\"container\" data-e-type=\"container\">\n\t\t<div class=\"elementor-element elementor-element-1800be6c e-con-full e-flex e-con e-child\" data-id=\"1800be6c\" data-element_type=\"container\" data-e-type=\"container\" data-settings=\"{&quot;background_background&quot;:&quot;classic&quot;}\">\n\t\t\t\t<\/div>\n\t\t<div class=\"elementor-element elementor-element-17a84451 e-con-full e-flex e-con e-child\" data-id=\"17a84451\" data-element_type=\"container\" data-e-type=\"container\">\n\t\t\t\t<div class=\"elementor-element elementor-element-cf5ddf8 elementor-widget elementor-widget-heading\" data-id=\"cf5ddf8\" data-element_type=\"widget\" data-e-type=\"widget\" data-widget_type=\"heading.default\">\n\t\t\t\t<div class=\"elementor-widget-container\">\n\t\t\t\t\t<h2 class=\"elementor-heading-title elementor-size-default\">\u00d6streich<\/h2>\t\t\t\t<\/div>\n\t\t\t\t<\/div>\n\t\t<div class=\"elementor-element elementor-element-3b173f4 e-flex e-con-boxed e-con e-child\" data-id=\"3b173f4\" data-element_type=\"container\" data-e-type=\"container\">\n\t\t\t\t\t<div class=\"e-con-inner\">\n\t\t\t\t<div class=\"elementor-element elementor-element-2c0d23e elementor-widget elementor-widget-text-editor\" data-id=\"2c0d23e\" data-element_type=\"widget\" data-e-type=\"widget\" data-widget_type=\"text-editor.default\">\n\t\t\t\t<div class=\"elementor-widget-container\">\n\t\t\t\t\t\t\t\t\t<p>Lorem ipsum dolor sit amet, consectetur adipiscing elit, sed do eiusmod tempor incididunt ut labore et dolore magna aliqua. Nibh praesent tristique magna sit amet purus. Odio ut sem nulla pharetra diam sit amet nisl. Facilisi cras fermentum odio eu feugiat. Aenean sed adipiscing diam<\/p>\t\t\t\t\t\t\t\t<\/div>\n\t\t\t\t<\/div>\n\t\t\t\t<div class=\"elementor-element elementor-element-0a7c523 elementor-align-right elementor-tablet-align-left elementor-widget elementor-widget-button\" data-id=\"0a7c523\" data-element_type=\"widget\" data-e-type=\"widget\" data-widget_type=\"button.default\">\n\t\t\t\t<div class=\"elementor-widget-container\">\n\t\t\t\t\t\t\t\t\t<div class=\"elementor-button-wrapper\">\n\t\t\t\t\t<a class=\"elementor-button elementor-button-link elementor-size-sm\" href=\"https:\/\/www.sfb.world\/de\/contact-us\/\">\n\t\t\t\t\t\t<span class=\"elementor-button-content-wrapper\">\n\t\t\t\t\t\t\t\t\t<span class=\"elementor-button-text\">Erfahren Sie mehr<\/span>\n\t\t\t\t\t<\/span>\n\t\t\t\t\t<\/a>\n\t\t\t\t<\/div>\n\t\t\t\t\t\t\t\t<\/div>\n\t\t\t\t<\/div>\n\t\t\t\t\t<\/div>\n\t\t\t\t<\/div>\n\t\t\t\t<\/div>\n\t\t\t\t<\/div>\n\t\t\t\t<\/div>\n\t\t","protected":false},"excerpt":{"rendered":"<p>Die SFB ist eine Gemeinschaft, die sich aktiv f\u00fcr Weiterentwicklung engagiert und die erfolgreichsten Unternehmen der Beauty-Branche hervorbringt. Wir sind in vielen L\u00e4ndern vertreten.\u00a0 Deutschland \u00d6sterreich Deutschland Lorem ipsum dolor [&hellip;]<\/p>\n","protected":false},"author":2,"featured_media":0,"parent":0,"menu_order":0,"comment_status":"closed","ping_status":"closed","template":"elementor_header_footer","meta":{"_acf_changed":false,"_price":"","_stock":"","_tribe_ticket_header":"","_tribe_default_ticket_provider":"","_ticket_start_date":"","_ticket_end_date":"","_tribe_ticket_show_description":"","_tribe_ticket_show_not_going":false,"_tribe_ticket_use_global_stock":"","_tribe_ticket_global_stock_level":"","_global_stock_mode":"","_global_stock_cap":"","_tribe_rsvp_for_event":"","_tribe_ticket_going_count":"","_tribe_ticket_not_going_count":"","_tribe_tickets_list":"[]","_tribe_ticket_has_attendee_info_fields":false,"footnotes":""},"class_list":["post-170","page","type-page","status-publish","hentry"],"acf":[],"yoast_head":"<!-- This site is optimized with the Yoast SEO plugin v27.0 - https:\/\/yoast.com\/product\/yoast-seo-wordpress\/ -->\n<title>L\u00e4nder - SFB<\/title>\n<meta name=\"robots\" content=\"index, follow, max-snippet:-1, max-image-preview:large, max-video-preview:-1\" \/>\n<link rel=\"canonical\" href=\"https:\/\/www.sfb.world\/de\/laender\/\" \/>\n<meta property=\"og:locale\" content=\"de_DE\" \/>\n<meta property=\"og:type\" content=\"article\" \/>\n<meta property=\"og:title\" content=\"L\u00e4nder - SFB\" \/>\n<meta property=\"og:description\" content=\"Die SFB ist eine Gemeinschaft, die sich aktiv f\u00fcr Weiterentwicklung engagiert und die erfolgreichsten Unternehmen der Beauty-Branche hervorbringt. Wir sind in vielen L\u00e4ndern vertreten.\u00a0 Deutschland \u00d6sterreich Deutschland Lorem ipsum dolor [&hellip;]\" \/>\n<meta property=\"og:url\" content=\"https:\/\/www.sfb.world\/de\/laender\/\" \/>\n<meta property=\"og:site_name\" content=\"SFB\" \/>\n<meta property=\"article:modified_time\" content=\"2024-02-01T19:16:36+00:00\" \/>\n<meta property=\"og:image\" content=\"https:\/\/www.sfb.world\/wp-content\/uploads\/2024\/01\/sfb-map-all.png\" \/>\n<meta name=\"twitter:card\" content=\"summary_large_image\" \/>\n<meta name=\"twitter:label1\" content=\"Gesch\u00e4tzte Lesezeit\" \/>\n\t<meta name=\"twitter:data1\" content=\"1\u00a0Minute\" \/>\n<script type=\"application\/ld+json\" class=\"yoast-schema-graph\">{\"@context\":\"https:\/\/schema.org\",\"@graph\":[{\"@type\":\"WebPage\",\"@id\":\"https:\/\/www.sfb.world\/de\/laender\/\",\"url\":\"https:\/\/www.sfb.world\/de\/laender\/\",\"name\":\"L\u00e4nder - SFB\",\"isPartOf\":{\"@id\":\"https:\/\/www.sfb.world\/de\/#website\"},\"primaryImageOfPage\":{\"@id\":\"https:\/\/www.sfb.world\/de\/laender\/#primaryimage\"},\"image\":{\"@id\":\"https:\/\/www.sfb.world\/de\/laender\/#primaryimage\"},\"thumbnailUrl\":\"https:\/\/www.sfb.world\/wp-content\/uploads\/2024\/01\/sfb-map-all.png\",\"datePublished\":\"2023-11-25T09:56:59+00:00\",\"dateModified\":\"2024-02-01T19:16:36+00:00\",\"breadcrumb\":{\"@id\":\"https:\/\/www.sfb.world\/de\/laender\/#breadcrumb\"},\"inLanguage\":\"de\",\"potentialAction\":[{\"@type\":\"ReadAction\",\"target\":[\"https:\/\/www.sfb.world\/de\/laender\/\"]}]},{\"@type\":\"ImageObject\",\"inLanguage\":\"de\",\"@id\":\"https:\/\/www.sfb.world\/de\/laender\/#primaryimage\",\"url\":\"https:\/\/www.sfb.world\/wp-content\/uploads\/2024\/01\/sfb-map-all.png\",\"contentUrl\":\"https:\/\/www.sfb.world\/wp-content\/uploads\/2024\/01\/sfb-map-all.png\"},{\"@type\":\"BreadcrumbList\",\"@id\":\"https:\/\/www.sfb.world\/de\/laender\/#breadcrumb\",\"itemListElement\":[{\"@type\":\"ListItem\",\"position\":1,\"name\":\"Home\",\"item\":\"https:\/\/www.sfb.world\/de\/\"},{\"@type\":\"ListItem\",\"position\":2,\"name\":\"L\u00e4nder\"}]},{\"@type\":\"WebSite\",\"@id\":\"https:\/\/www.sfb.world\/de\/#website\",\"url\":\"https:\/\/www.sfb.world\/de\/\",\"name\":\"SFB\",\"description\":\"\",\"publisher\":{\"@id\":\"https:\/\/www.sfb.world\/de\/#organization\"},\"potentialAction\":[{\"@type\":\"SearchAction\",\"target\":{\"@type\":\"EntryPoint\",\"urlTemplate\":\"https:\/\/www.sfb.world\/de\/?s={search_term_string}\"},\"query-input\":{\"@type\":\"PropertyValueSpecification\",\"valueRequired\":true,\"valueName\":\"search_term_string\"}}],\"inLanguage\":\"de\"},{\"@type\":\"Organization\",\"@id\":\"https:\/\/www.sfb.world\/de\/#organization\",\"name\":\"SFB\",\"url\":\"https:\/\/www.sfb.world\/de\/\",\"logo\":{\"@type\":\"ImageObject\",\"inLanguage\":\"de\",\"@id\":\"https:\/\/www.sfb.world\/de\/#\/schema\/logo\/image\/\",\"url\":\"https:\/\/www.sfb.world\/wp-content\/uploads\/2023\/12\/cropped-SFB_Schriftzug_600.jpg\",\"contentUrl\":\"https:\/\/www.sfb.world\/wp-content\/uploads\/2023\/12\/cropped-SFB_Schriftzug_600.jpg\",\"width\":600,\"height\":61,\"caption\":\"SFB\"},\"image\":{\"@id\":\"https:\/\/www.sfb.world\/de\/#\/schema\/logo\/image\/\"}}]}<\/script>\n<!-- \/ Yoast SEO plugin. -->","yoast_head_json":{"title":"L\u00e4nder - SFB","robots":{"index":"index","follow":"follow","max-snippet":"max-snippet:-1","max-image-preview":"max-image-preview:large","max-video-preview":"max-video-preview:-1"},"canonical":"https:\/\/www.sfb.world\/de\/laender\/","og_locale":"de_DE","og_type":"article","og_title":"L\u00e4nder - SFB","og_description":"Die SFB ist eine Gemeinschaft, die sich aktiv f\u00fcr Weiterentwicklung engagiert und die erfolgreichsten Unternehmen der Beauty-Branche hervorbringt. Wir sind in vielen L\u00e4ndern vertreten.\u00a0 Deutschland \u00d6sterreich Deutschland Lorem ipsum dolor [&hellip;]","og_url":"https:\/\/www.sfb.world\/de\/laender\/","og_site_name":"SFB","article_modified_time":"2024-02-01T19:16:36+00:00","og_image":[{"url":"https:\/\/www.sfb.world\/wp-content\/uploads\/2024\/01\/sfb-map-all.png","type":"","width":"","height":""}],"twitter_card":"summary_large_image","twitter_misc":{"Gesch\u00e4tzte Lesezeit":"1\u00a0Minute"},"schema":{"@context":"https:\/\/schema.org","@graph":[{"@type":"WebPage","@id":"https:\/\/www.sfb.world\/de\/laender\/","url":"https:\/\/www.sfb.world\/de\/laender\/","name":"L\u00e4nder - SFB","isPartOf":{"@id":"https:\/\/www.sfb.world\/de\/#website"},"primaryImageOfPage":{"@id":"https:\/\/www.sfb.world\/de\/laender\/#primaryimage"},"image":{"@id":"https:\/\/www.sfb.world\/de\/laender\/#primaryimage"},"thumbnailUrl":"https:\/\/www.sfb.world\/wp-content\/uploads\/2024\/01\/sfb-map-all.png","datePublished":"2023-11-25T09:56:59+00:00","dateModified":"2024-02-01T19:16:36+00:00","breadcrumb":{"@id":"https:\/\/www.sfb.world\/de\/laender\/#breadcrumb"},"inLanguage":"de","potentialAction":[{"@type":"ReadAction","target":["https:\/\/www.sfb.world\/de\/laender\/"]}]},{"@type":"ImageObject","inLanguage":"de","@id":"https:\/\/www.sfb.world\/de\/laender\/#primaryimage","url":"https:\/\/www.sfb.world\/wp-content\/uploads\/2024\/01\/sfb-map-all.png","contentUrl":"https:\/\/www.sfb.world\/wp-content\/uploads\/2024\/01\/sfb-map-all.png"},{"@type":"BreadcrumbList","@id":"https:\/\/www.sfb.world\/de\/laender\/#breadcrumb","itemListElement":[{"@type":"ListItem","position":1,"name":"Home","item":"https:\/\/www.sfb.world\/de\/"},{"@type":"ListItem","position":2,"name":"L\u00e4nder"}]},{"@type":"WebSite","@id":"https:\/\/www.sfb.world\/de\/#website","url":"https:\/\/www.sfb.world\/de\/","name":"SFB","description":"","publisher":{"@id":"https:\/\/www.sfb.world\/de\/#organization"},"potentialAction":[{"@type":"SearchAction","target":{"@type":"EntryPoint","urlTemplate":"https:\/\/www.sfb.world\/de\/?s={search_term_string}"},"query-input":{"@type":"PropertyValueSpecification","valueRequired":true,"valueName":"search_term_string"}}],"inLanguage":"de"},{"@type":"Organization","@id":"https:\/\/www.sfb.world\/de\/#organization","name":"SFB","url":"https:\/\/www.sfb.world\/de\/","logo":{"@type":"ImageObject","inLanguage":"de","@id":"https:\/\/www.sfb.world\/de\/#\/schema\/logo\/image\/","url":"https:\/\/www.sfb.world\/wp-content\/uploads\/2023\/12\/cropped-SFB_Schriftzug_600.jpg","contentUrl":"https:\/\/www.sfb.world\/wp-content\/uploads\/2023\/12\/cropped-SFB_Schriftzug_600.jpg","width":600,"height":61,"caption":"SFB"},"image":{"@id":"https:\/\/www.sfb.world\/de\/#\/schema\/logo\/image\/"}}]}},"_links":{"self":[{"href":"https:\/\/www.sfb.world\/de\/wp-json\/wp\/v2\/pages\/170","targetHints":{"allow":["GET"]}}],"collection":[{"href":"https:\/\/www.sfb.world\/de\/wp-json\/wp\/v2\/pages"}],"about":[{"href":"https:\/\/www.sfb.world\/de\/wp-json\/wp\/v2\/types\/page"}],"author":[{"embeddable":true,"href":"https:\/\/www.sfb.world\/de\/wp-json\/wp\/v2\/users\/2"}],"replies":[{"embeddable":true,"href":"https:\/\/www.sfb.world\/de\/wp-json\/wp\/v2\/comments?post=170"}],"version-history":[{"count":20,"href":"https:\/\/www.sfb.world\/de\/wp-json\/wp\/v2\/pages\/170\/revisions"}],"predecessor-version":[{"id":14731,"href":"https:\/\/www.sfb.world\/de\/wp-json\/wp\/v2\/pages\/170\/revisions\/14731"}],"wp:attachment":[{"href":"https:\/\/www.sfb.world\/de\/wp-json\/wp\/v2\/media?parent=170"}],"curies":[{"name":"wp","href":"https:\/\/api.w.org\/{rel}","templated":true}]}}