{"id":18047,"date":"2025-07-14T20:49:16","date_gmt":"2025-07-14T18:49:16","guid":{"rendered":"https:\/\/www.sfb.world\/?page_id=18047"},"modified":"2025-08-12T19:09:44","modified_gmt":"2025-08-12T17:09:44","slug":"barrierefreiheit","status":"publish","type":"page","link":"https:\/\/www.sfb.world\/de\/barrierefreiheit\/","title":{"rendered":"Barrierefreiheit"},"content":{"rendered":"\t\t<div data-elementor-type=\"wp-page\" data-elementor-id=\"18047\" class=\"elementor elementor-18047\" data-elementor-post-type=\"page\">\n\t\t\t\t<div class=\"elementor-element elementor-element-4cd3ea1 e-con-full e-flex e-con e-parent\" data-id=\"4cd3ea1\" data-element_type=\"container\" data-e-type=\"container\">\n\t\t\t\t<\/div>\n\t\t<div class=\"elementor-element elementor-element-3589557 e-con-full e-flex e-con e-parent\" data-id=\"3589557\" data-element_type=\"container\" data-e-type=\"container\">\n\t\t<div class=\"elementor-element elementor-element-08e9583 e-con-full e-flex e-con e-child\" data-id=\"08e9583\" data-element_type=\"container\" data-e-type=\"container\">\n\t\t\t\t<div class=\"elementor-element elementor-element-91b1df5 elementor-widget-tablet__width-inherit elementor-widget elementor-widget-text-editor\" data-id=\"91b1df5\" data-element_type=\"widget\" data-e-type=\"widget\" data-widget_type=\"text-editor.default\">\n\t\t\t\t<div class=\"elementor-widget-container\">\n\t\t\t\t\t\t\t\t\t<p>Wir, die Soci\u00e9t\u00e9 Fran\u00e7aise de Biosth\u00e9tique Deutschland e.V., sind bestrebt, unsere Website <a href=\"https:\/\/sfb.world\">sfb.world<\/a> f\u00fcr alle zug\u00e4nglich zu machen, unabh\u00e4ngig von ihren F\u00e4higkeiten oder der von ihnen verwendeten Technologie. Unser Ziel ist es, eine digitale Umgebung zu schaffen, die f\u00fcr jeden nutzbar und verst\u00e4ndlich ist.<\/p><h2>Unser Engagement f\u00fcr Barrierefreiheit<\/h2><p>Wir haben uns dazu verpflichtet, die Richtlinien f\u00fcr Barrierefreie Webinhalte (WCAG) 2.1 Level AA so weit wie m\u00f6glich einzuhalten. Diese Richtlinien beschreiben, wie Webinhalte f\u00fcr Menschen mit Behinderungen zug\u00e4nglicher gemacht werden k\u00f6nnen und tragen dazu bei, das Web f\u00fcr alle nutzbarer zu machen.<\/p><p>Wir arbeiten kontinuierlich daran, die Zug\u00e4nglichkeit und Benutzerfreundlichkeit unserer Website zu verbessern. Dies umfasst regelm\u00e4\u00dfige \u00dcberpr\u00fcfungen und Anpassungen, um sicherzustellen, dass unsere Inhalte so vielen Menschen wie m\u00f6glich zug\u00e4nglich sind.<\/p><h2>Funktionen zur Unterst\u00fctzung der Barrierefreiheit<\/h2><p>Auf unserer Website finden Sie unter anderem folgende Funktionen, die die Barrierefreiheit verbessern sollen:<\/p><ul><li><strong>Responsives Design:<\/strong> Die Website passt sich verschiedenen Bildschirmgr\u00f6\u00dfen und Ger\u00e4ten an.<\/li><li><strong>Klare und lesbare Schriftarten:<\/strong> Wir verwenden Schriftarten, die gut lesbar sind.<\/li><li><strong>Ausreichende Farbkontraste:<\/strong> Texte und interaktive Elemente sind mit ausreichendem Kontrast gestaltet.<\/li><li><strong>Alternativtexte f\u00fcr Bilder:<\/strong> Alle informativen Bilder sind mit beschreibenden Alternativtexten versehen, um Screenreadern das Verst\u00e4ndnis zu erleichtern.<\/li><li><strong>Tastatur-Navigation:<\/strong> Die gesamte Website ist mit der Tastatur navigierbar.<\/li><li><strong>Strukturierte \u00dcberschriften:<\/strong> Inhalte sind logisch mit \u00dcberschriften strukturiert, um die Navigation zu erleichtern.<\/li><\/ul><h2>Feedback und Kontakt<\/h2><p>Ihre R\u00fcckmeldung ist uns wichtig! Sollten Sie auf unserer Website auf Barrieren sto\u00dfen oder Vorschl\u00e4ge zur Verbesserung der Barrierefreiheit haben, z\u00f6gern Sie bitte nicht, uns zu kontaktieren. Wir sind stets bem\u00fcht, unsere Website weiter zu optimieren.<\/p><p>Bitte senden Sie uns eine E-Mail an <a href=\"mailto:office@sfb-d.de\">office@sfb-d.de<\/a> oder nutzen Sie unser <a href=\"https:\/\/www.sfb.world\/de\/contact-us\/\">Kontaktformular<\/a>. Wir werden uns so schnell wie m\u00f6glich um Ihr Anliegen k\u00fcmmern.<\/p><h2>Datum der Erstellung dieser Erkl\u00e4rung<\/h2><p>Diese Erkl\u00e4rung wurde zuletzt am 14. Juli 2025 aktualisiert.<\/p>\t\t\t\t\t\t\t\t<\/div>\n\t\t\t\t<\/div>\n\t\t\t\t<\/div>\n\t\t\t\t<\/div>\n\t\t\t\t<\/div>\n\t\t","protected":false},"excerpt":{"rendered":"<p>Wir, die Soci\u00e9t\u00e9 Fran\u00e7aise de Biosth\u00e9tique Deutschland e.V., sind bestrebt, unsere Website sfb.world f\u00fcr alle zug\u00e4nglich zu machen, unabh\u00e4ngig von ihren F\u00e4higkeiten oder der von ihnen verwendeten Technologie. Unser Ziel [&hellip;]<\/p>\n","protected":false},"author":2,"featured_media":0,"parent":0,"menu_order":0,"comment_status":"closed","ping_status":"closed","template":"elementor_header_footer","meta":{"_acf_changed":false,"_price":"","_stock":"","_tribe_ticket_header":"","_tribe_default_ticket_provider":"","_ticket_start_date":"","_ticket_end_date":"","_tribe_ticket_show_description":"","_tribe_ticket_show_not_going":false,"_tribe_ticket_use_global_stock":"","_tribe_ticket_global_stock_level":"","_global_stock_mode":"","_global_stock_cap":"","_tribe_rsvp_for_event":"","_tribe_ticket_going_count":"","_tribe_ticket_not_going_count":"","_tribe_tickets_list":"[]","_tribe_ticket_has_attendee_info_fields":false,"footnotes":""},"class_list":["post-18047","page","type-page","status-publish","hentry"],"acf":[],"yoast_head":"<!-- This site is optimized with the Yoast SEO plugin v27.0 - https:\/\/yoast.com\/product\/yoast-seo-wordpress\/ -->\n<title>Barrierefreiheit - SFB<\/title>\n<meta name=\"robots\" content=\"index, follow, max-snippet:-1, max-image-preview:large, max-video-preview:-1\" \/>\n<link rel=\"canonical\" href=\"https:\/\/www.sfb.world\/de\/barrierefreiheit\/\" \/>\n<meta property=\"og:locale\" content=\"de_DE\" \/>\n<meta property=\"og:type\" content=\"article\" \/>\n<meta property=\"og:title\" content=\"Barrierefreiheit - SFB\" \/>\n<meta property=\"og:description\" content=\"Wir, die Soci\u00e9t\u00e9 Fran\u00e7aise de Biosth\u00e9tique Deutschland e.V., sind bestrebt, unsere Website sfb.world f\u00fcr alle zug\u00e4nglich zu machen, unabh\u00e4ngig von ihren F\u00e4higkeiten oder der von ihnen verwendeten Technologie. Unser Ziel [&hellip;]\" \/>\n<meta property=\"og:url\" content=\"https:\/\/www.sfb.world\/de\/barrierefreiheit\/\" \/>\n<meta property=\"og:site_name\" content=\"SFB\" \/>\n<meta property=\"article:modified_time\" content=\"2025-08-12T17:09:44+00:00\" \/>\n<meta name=\"twitter:card\" content=\"summary_large_image\" \/>\n<meta name=\"twitter:label1\" content=\"Gesch\u00e4tzte Lesezeit\" \/>\n\t<meta name=\"twitter:data1\" content=\"2\u00a0Minuten\" \/>\n<script type=\"application\/ld+json\" class=\"yoast-schema-graph\">{\"@context\":\"https:\/\/schema.org\",\"@graph\":[{\"@type\":\"WebPage\",\"@id\":\"https:\/\/www.sfb.world\/barrierefreiheit\/\",\"url\":\"https:\/\/www.sfb.world\/barrierefreiheit\/\",\"name\":\"Barrierefreiheit - SFB\",\"isPartOf\":{\"@id\":\"https:\/\/www.sfb.world\/de\/#website\"},\"datePublished\":\"2025-07-14T18:49:16+00:00\",\"dateModified\":\"2025-08-12T17:09:44+00:00\",\"breadcrumb\":{\"@id\":\"https:\/\/www.sfb.world\/barrierefreiheit\/#breadcrumb\"},\"inLanguage\":\"de\",\"potentialAction\":[{\"@type\":\"ReadAction\",\"target\":[\"https:\/\/www.sfb.world\/barrierefreiheit\/\"]}]},{\"@type\":\"BreadcrumbList\",\"@id\":\"https:\/\/www.sfb.world\/barrierefreiheit\/#breadcrumb\",\"itemListElement\":[{\"@type\":\"ListItem\",\"position\":1,\"name\":\"Home\",\"item\":\"https:\/\/www.sfb.world\/de\/\"},{\"@type\":\"ListItem\",\"position\":2,\"name\":\"Barrierefreiheit\"}]},{\"@type\":\"WebSite\",\"@id\":\"https:\/\/www.sfb.world\/de\/#website\",\"url\":\"https:\/\/www.sfb.world\/de\/\",\"name\":\"SFB\",\"description\":\"\",\"publisher\":{\"@id\":\"https:\/\/www.sfb.world\/de\/#organization\"},\"potentialAction\":[{\"@type\":\"SearchAction\",\"target\":{\"@type\":\"EntryPoint\",\"urlTemplate\":\"https:\/\/www.sfb.world\/de\/?s={search_term_string}\"},\"query-input\":{\"@type\":\"PropertyValueSpecification\",\"valueRequired\":true,\"valueName\":\"search_term_string\"}}],\"inLanguage\":\"de\"},{\"@type\":\"Organization\",\"@id\":\"https:\/\/www.sfb.world\/de\/#organization\",\"name\":\"SFB\",\"url\":\"https:\/\/www.sfb.world\/de\/\",\"logo\":{\"@type\":\"ImageObject\",\"inLanguage\":\"de\",\"@id\":\"https:\/\/www.sfb.world\/de\/#\/schema\/logo\/image\/\",\"url\":\"https:\/\/www.sfb.world\/wp-content\/uploads\/2023\/12\/cropped-SFB_Schriftzug_600.jpg\",\"contentUrl\":\"https:\/\/www.sfb.world\/wp-content\/uploads\/2023\/12\/cropped-SFB_Schriftzug_600.jpg\",\"width\":600,\"height\":61,\"caption\":\"SFB\"},\"image\":{\"@id\":\"https:\/\/www.sfb.world\/de\/#\/schema\/logo\/image\/\"}}]}<\/script>\n<!-- \/ Yoast SEO plugin. -->","yoast_head_json":{"title":"Barrierefreiheit - SFB","robots":{"index":"index","follow":"follow","max-snippet":"max-snippet:-1","max-image-preview":"max-image-preview:large","max-video-preview":"max-video-preview:-1"},"canonical":"https:\/\/www.sfb.world\/de\/barrierefreiheit\/","og_locale":"de_DE","og_type":"article","og_title":"Barrierefreiheit - SFB","og_description":"Wir, die Soci\u00e9t\u00e9 Fran\u00e7aise de Biosth\u00e9tique Deutschland e.V., sind bestrebt, unsere Website sfb.world f\u00fcr alle zug\u00e4nglich zu machen, unabh\u00e4ngig von ihren F\u00e4higkeiten oder der von ihnen verwendeten Technologie. Unser Ziel [&hellip;]","og_url":"https:\/\/www.sfb.world\/de\/barrierefreiheit\/","og_site_name":"SFB","article_modified_time":"2025-08-12T17:09:44+00:00","twitter_card":"summary_large_image","twitter_misc":{"Gesch\u00e4tzte Lesezeit":"2\u00a0Minuten"},"schema":{"@context":"https:\/\/schema.org","@graph":[{"@type":"WebPage","@id":"https:\/\/www.sfb.world\/barrierefreiheit\/","url":"https:\/\/www.sfb.world\/barrierefreiheit\/","name":"Barrierefreiheit - SFB","isPartOf":{"@id":"https:\/\/www.sfb.world\/de\/#website"},"datePublished":"2025-07-14T18:49:16+00:00","dateModified":"2025-08-12T17:09:44+00:00","breadcrumb":{"@id":"https:\/\/www.sfb.world\/barrierefreiheit\/#breadcrumb"},"inLanguage":"de","potentialAction":[{"@type":"ReadAction","target":["https:\/\/www.sfb.world\/barrierefreiheit\/"]}]},{"@type":"BreadcrumbList","@id":"https:\/\/www.sfb.world\/barrierefreiheit\/#breadcrumb","itemListElement":[{"@type":"ListItem","position":1,"name":"Home","item":"https:\/\/www.sfb.world\/de\/"},{"@type":"ListItem","position":2,"name":"Barrierefreiheit"}]},{"@type":"WebSite","@id":"https:\/\/www.sfb.world\/de\/#website","url":"https:\/\/www.sfb.world\/de\/","name":"SFB","description":"","publisher":{"@id":"https:\/\/www.sfb.world\/de\/#organization"},"potentialAction":[{"@type":"SearchAction","target":{"@type":"EntryPoint","urlTemplate":"https:\/\/www.sfb.world\/de\/?s={search_term_string}"},"query-input":{"@type":"PropertyValueSpecification","valueRequired":true,"valueName":"search_term_string"}}],"inLanguage":"de"},{"@type":"Organization","@id":"https:\/\/www.sfb.world\/de\/#organization","name":"SFB","url":"https:\/\/www.sfb.world\/de\/","logo":{"@type":"ImageObject","inLanguage":"de","@id":"https:\/\/www.sfb.world\/de\/#\/schema\/logo\/image\/","url":"https:\/\/www.sfb.world\/wp-content\/uploads\/2023\/12\/cropped-SFB_Schriftzug_600.jpg","contentUrl":"https:\/\/www.sfb.world\/wp-content\/uploads\/2023\/12\/cropped-SFB_Schriftzug_600.jpg","width":600,"height":61,"caption":"SFB"},"image":{"@id":"https:\/\/www.sfb.world\/de\/#\/schema\/logo\/image\/"}}]}},"_links":{"self":[{"href":"https:\/\/www.sfb.world\/de\/wp-json\/wp\/v2\/pages\/18047","targetHints":{"allow":["GET"]}}],"collection":[{"href":"https:\/\/www.sfb.world\/de\/wp-json\/wp\/v2\/pages"}],"about":[{"href":"https:\/\/www.sfb.world\/de\/wp-json\/wp\/v2\/types\/page"}],"author":[{"embeddable":true,"href":"https:\/\/www.sfb.world\/de\/wp-json\/wp\/v2\/users\/2"}],"replies":[{"embeddable":true,"href":"https:\/\/www.sfb.world\/de\/wp-json\/wp\/v2\/comments?post=18047"}],"version-history":[{"count":7,"href":"https:\/\/www.sfb.world\/de\/wp-json\/wp\/v2\/pages\/18047\/revisions"}],"predecessor-version":[{"id":18124,"href":"https:\/\/www.sfb.world\/de\/wp-json\/wp\/v2\/pages\/18047\/revisions\/18124"}],"wp:attachment":[{"href":"https:\/\/www.sfb.world\/de\/wp-json\/wp\/v2\/media?parent=18047"}],"curies":[{"name":"wp","href":"https:\/\/api.w.org\/{rel}","templated":true}]}}